{"id":119,"date":"2025-02-11T14:43:13","date_gmt":"2025-02-11T11:43:13","guid":{"rendered":"https:\/\/medhouse.kz\/?page_id=119"},"modified":"2025-09-04T13:12:31","modified_gmt":"2025-09-04T10:12:31","slug":"home","status":"publish","type":"page","link":"https:\/\/new.frei.md\/en\/","title":{"rendered":"Delta-Medica Moldova"},"content":{"rendered":"<p data-start=\"45\" data-end=\"232\"><strong data-start=\"45\" data-end=\"61\"><span dir=\"auto\" style=\"vertical-align: inherit;\"><span dir=\"auto\" style=\"vertical-align: inherit;\"><span dir=\"auto\" style=\"vertical-align: inherit;\"><span dir=\"auto\" style=\"vertical-align: inherit;\">Delta-Medica<\/span><\/span><\/span><\/span><\/strong><span dir=\"auto\" style=\"vertical-align: inherit;\"><span dir=\"auto\" style=\"vertical-align: inherit;\"><span dir=\"auto\" style=\"vertical-align: inherit;\"><span dir=\"auto\" style=\"vertical-align: inherit;\"> face parte din grupul elve\u021bian interna\u021bional <\/span><\/span><\/span><\/span><strong data-start=\"103\" data-end=\"125\"><span dir=\"auto\" style=\"vertical-align: inherit;\"><span dir=\"auto\" style=\"vertical-align: inherit;\"><span dir=\"auto\" style=\"vertical-align: inherit;\"><span dir=\"auto\" style=\"vertical-align: inherit;\">Global Swiss Group<\/span><\/span><\/span><\/span><\/strong><span dir=\"auto\" style=\"vertical-align: inherit;\"><span dir=\"auto\" style=\"vertical-align: inherit;\"><span dir=\"auto\" style=\"vertical-align: inherit;\"><span dir=\"auto\" style=\"vertical-align: inherit;\"> , specializat\u0103 \u00een produc\u021bia \u0219i distribu\u021bia de echipamente medicale, produse ortopedice \u0219i vitamine.<\/span><\/span><\/span><\/span><\/p>\n<p data-start=\"234\" data-end=\"413\"><span dir=\"auto\" style=\"vertical-align: inherit;\"><span dir=\"auto\" style=\"vertical-align: inherit;\"><span dir=\"auto\" style=\"vertical-align: inherit;\"><span dir=\"auto\" style=\"vertical-align: inherit;\">Compania noastr\u0103 respect\u0103 cele mai \u00eenalte standarde elve\u021biene de calitate, implement\u00e2nd tehnologii avansate \u0219i practici inovatoare pentru a asigura fiabilitatea \u0219i eficien\u021ba produselor noastre.<\/span><\/span><\/span><\/span><\/p>\n<p data-start=\"415\" data-end=\"615\"><span dir=\"auto\" style=\"vertical-align: inherit;\"><span dir=\"auto\" style=\"vertical-align: inherit;\"><span dir=\"auto\" style=\"vertical-align: inherit;\"><span dir=\"auto\" style=\"vertical-align: inherit;\">Suntem company de distribu\u021bie dinamic\u0103 \u0219i \u00een cre\u0219tere, reprezent\u00e2nd o prezenta oficial\u0103 precum <\/span><\/span><\/span><\/span><strong data-start=\"530\" data-end=\"596\"><span dir=\"auto\" style=\"vertical-align: inherit;\"><span dir=\"auto\" style=\"vertical-align: inherit;\"><span dir=\"auto\" style=\"vertical-align: inherit;\"><span dir=\"auto\" style=\"vertical-align: inherit;\">Dr. Frei, Swiss Energy, Dentissimo, Gamma, Bionime, Medtextile<\/span><\/span><\/span><\/span><\/strong><span dir=\"auto\" style=\"vertical-align: inherit;\"><span dir=\"auto\" style=\"vertical-align: inherit;\"><span dir=\"auto\" style=\"vertical-align: inherit;\"><span dir=\"auto\" style=\"vertical-align: inherit;\"> \u0219i <\/span><\/span><\/span><\/span><strong data-start=\"602\" data-end=\"612\"><span dir=\"auto\" style=\"vertical-align: inherit;\"><span dir=\"auto\" style=\"vertical-align: inherit;\"><span dir=\"auto\" style=\"vertical-align: inherit;\"><span dir=\"auto\" style=\"vertical-align: inherit;\">Dolphi<\/span><\/span><\/span><\/span><\/strong><span dir=\"auto\" style=\"vertical-align: inherit;\"><span dir=\"auto\" style=\"vertical-align: inherit;\"><span dir=\"auto\" style=\"vertical-align: inherit;\"><span dir=\"auto\" style=\"vertical-align: inherit;\"> .<\/span><\/span><\/span><\/span><\/p>\n<p data-start=\"617\" data-end=\"748\"><span dir=\"auto\" style=\"vertical-align: inherit;\"><span dir=\"auto\" style=\"vertical-align: inherit;\"><span dir=\"auto\" style=\"vertical-align: inherit;\"><span dir=\"auto\" style=\"vertical-align: inherit;\">Datorit\u0103 profesionalismului \u0219i angajamentului nostru, <\/span><\/span><\/span><\/span><strong data-start=\"663\" data-end=\"679\"><span dir=\"auto\" style=\"vertical-align: inherit;\"><span dir=\"auto\" style=\"vertical-align: inherit;\"><span dir=\"auto\" style=\"vertical-align: inherit;\"><span dir=\"auto\" style=\"vertical-align: inherit;\">Delta-Medica<\/span><\/span><\/span><\/span><\/strong><span dir=\"auto\" style=\"vertical-align: inherit;\"><span dir=\"auto\" style=\"vertical-align: inherit;\"><span dir=\"auto\" style=\"vertical-align: inherit;\"><span dir=\"auto\" style=\"vertical-align: inherit;\"> este un lider recunoscut pe pia\u021ba echipamentelor medicale din Moldova.<\/span><\/span><\/span><\/span><\/p>\n","protected":false},"excerpt":{"rendered":"<p>Delta-Medica face parte din grupul elve\u021bian interna\u021bional Global Swiss Group , specializat\u0103 \u00een produc\u021bia \u0219i distribu\u021bia de echipamente medicale, produse ortopedice \u0219i vitamine. Compania noastr\u0103 respect\u0103 cele mai \u00eenalte standarde elve\u021biene de calitate, implement\u00e2nd tehnologii avansate \u0219i practici inovatoare pentru a asigura fiabilitatea \u0219i eficien\u021ba produselor noastre. Suntem company de distribu\u021bie dinamic\u0103 \u0219i \u00een cre\u0219tere, [&hellip;]<\/p>\n","protected":false},"author":1,"featured_media":0,"parent":0,"menu_order":0,"comment_status":"closed","ping_status":"closed","template":"index.php","meta":{"footnotes":""},"class_list":["post-119","page","type-page","status-publish","hentry"],"_links":{"self":[{"href":"https:\/\/new.frei.md\/en\/wp-json\/wp\/v2\/pages\/119","targetHints":{"allow":["GET"]}}],"collection":[{"href":"https:\/\/new.frei.md\/en\/wp-json\/wp\/v2\/pages"}],"about":[{"href":"https:\/\/new.frei.md\/en\/wp-json\/wp\/v2\/types\/page"}],"author":[{"embeddable":true,"href":"https:\/\/new.frei.md\/en\/wp-json\/wp\/v2\/users\/1"}],"replies":[{"embeddable":true,"href":"https:\/\/new.frei.md\/en\/wp-json\/wp\/v2\/comments?post=119"}],"version-history":[{"count":0,"href":"https:\/\/new.frei.md\/en\/wp-json\/wp\/v2\/pages\/119\/revisions"}],"wp:attachment":[{"href":"https:\/\/new.frei.md\/en\/wp-json\/wp\/v2\/media?parent=119"}],"curies":[{"name":"wp","href":"https:\/\/api.w.org\/{rel}","templated":true}]}}